{"id":221,"date":"2014-02-16T23:19:02","date_gmt":"2014-02-16T22:19:02","guid":{"rendered":"http:\/\/woref-allmandring.de\/?page_id=221"},"modified":"2024-08-05T20:46:33","modified_gmt":"2024-08-05T18:46:33","slug":"mitglied-werden","status":"publish","type":"page","link":"https:\/\/www.woref-stuttgart.de\/de\/mitglied-werden\/","title":{"rendered":"Mitglied werden"},"content":{"rendered":"<p>Wir freuen uns, dass du dich f\u00fcr unseren Verein interessierst! Wenn du bei uns mitarbeiten m\u00f6chtest, dann f\u00fclle bitte das unten stehende Bewerbungsformular aus.<\/p>\n\n\n\n<p>Damit du \u00fcberhaupt wei\u00dft, was wir machen, empfehlen wir dir, die folgenden Dinge vor einer Bewerbung zu lesen:<\/p>\n\n\n\n<ul class=\"wp-block-list\">\n<li>Unsere Website zeigt dir die Sicht der Mieter. Hier kannst du etwas st\u00f6bern.<\/li>\n\n\n\n<li>Unter <a href=\"https:\/\/www.woref-stuttgart.de\/der-verein\/\">Der Verein<\/a> stellen wir uns vor. Vielleicht m\u00f6chtest du auch einen Blick&nbsp; in den neusten Jahresbericht werfen?<\/li>\n\n\n\n<li>Wir haben f\u00fcr dich eine PDF <a href=\"https:\/\/www.woref-stuttgart.de\/woref_files\/Bewerbung_Informationen.pdf\">mit allen Informationen zur Mitarbeit<\/a> zusammengestellt. Lass dich davon bitte nicht abschrecken, du kannst auch noch gerne Fragen per <a href=\"https:\/\/www.woref-stuttgart.de\/kontakt\/\" title=\"Kontakt\">E-Mail<\/a> stellen, wenn du dir nicht sicher bist, ob du die Voraussetzungen erf\u00fcllst oder wir zu dir passen.<\/li>\n<\/ul>\n\n\n\n\n<div class=\"wpcf7 no-js\" id=\"wpcf7-f499-o1\" lang=\"de-DE\" dir=\"ltr\" data-wpcf7-id=\"499\">\n<div class=\"screen-reader-response\"><p role=\"status\" aria-live=\"polite\" aria-atomic=\"true\"><\/p> <ul><\/ul><\/div>\n<form action=\"\/de\/wp-json\/wp\/v2\/pages\/221#wpcf7-f499-o1\" method=\"post\" class=\"wpcf7-form init\" aria-label=\"Kontaktformular\" novalidate=\"novalidate\" data-status=\"init\">\n<fieldset class=\"hidden-fields-container\"><input type=\"hidden\" name=\"_wpcf7\" value=\"499\" \/><input type=\"hidden\" name=\"_wpcf7_version\" value=\"6.1.6\" \/><input type=\"hidden\" name=\"_wpcf7_locale\" value=\"de_DE\" \/><input type=\"hidden\" name=\"_wpcf7_unit_tag\" value=\"wpcf7-f499-o1\" \/><input type=\"hidden\" name=\"_wpcf7_container_post\" value=\"0\" \/><input type=\"hidden\" name=\"_wpcf7_posted_data_hash\" value=\"\" \/>\n<\/fieldset>\n<p>*Ben\u00f6tigte Felder.\n<\/p>\n<p><label> Vorname*<br \/>\n<span class=\"wpcf7-form-control-wrap\" data-name=\"your-first-name\"><input size=\"40\" maxlength=\"400\" class=\"wpcf7-form-control wpcf7-text wpcf7-validates-as-required\" aria-required=\"true\" aria-invalid=\"false\" placeholder=\"Max\" value=\"\" type=\"text\" name=\"your-first-name\" \/><\/span> <\/label>\n<\/p>\n<p><label> Nachname*<br \/>\n<span class=\"wpcf7-form-control-wrap\" data-name=\"your-last-name\"><input size=\"40\" maxlength=\"400\" class=\"wpcf7-form-control wpcf7-text wpcf7-validates-as-required\" aria-required=\"true\" aria-invalid=\"false\" placeholder=\"Mustermann\" value=\"\" type=\"text\" name=\"your-last-name\" \/><\/span> <\/label>\n<\/p>\n<p><label> E-Mail-Adresse*<br \/>\n<span class=\"wpcf7-form-control-wrap\" data-name=\"your-email\"><input size=\"40\" maxlength=\"400\" class=\"wpcf7-form-control wpcf7-email wpcf7-validates-as-required wpcf7-text wpcf7-validates-as-email\" aria-required=\"true\" aria-invalid=\"false\" placeholder=\"post@example.com\" value=\"\" type=\"email\" name=\"your-email\" \/><\/span> <\/label>\n<\/p>\n<p><label> Telefon<br \/>\n<span class=\"wpcf7-form-control-wrap\" data-name=\"your-phone\"><input size=\"40\" maxlength=\"400\" class=\"wpcf7-form-control wpcf7-tel wpcf7-text wpcf7-validates-as-tel\" aria-invalid=\"false\" placeholder=\"0711 683 183\" value=\"\" type=\"tel\" name=\"your-phone\" \/><\/span> <\/label>\n<\/p>\n<p><label> Wohnheim*<br \/>\n<span class=\"wpcf7-form-control-wrap\" data-name=\"your-dormitory\"><input size=\"40\" maxlength=\"400\" class=\"wpcf7-form-control wpcf7-text wpcf7-validates-as-required\" aria-required=\"true\" aria-invalid=\"false\" placeholder=\"Allmandring III\" value=\"\" type=\"text\" name=\"your-dormitory\" \/><\/span> <\/label>\n<\/p>\n<p><label> Hausnummer*<br \/>\n<span class=\"wpcf7-form-control-wrap\" data-name=\"your-house-number\"><input size=\"40\" maxlength=\"400\" class=\"wpcf7-form-control wpcf7-text wpcf7-validates-as-required\" aria-required=\"true\" aria-invalid=\"false\" placeholder=\"26C\" value=\"\" type=\"text\" name=\"your-house-number\" \/><\/span> <\/label>\n<\/p>\n<p><label> Zimmernummer*<br \/>\n<span class=\"wpcf7-form-control-wrap\" data-name=\"your-room-number\"><input class=\"wpcf7-form-control wpcf7-number wpcf7-validates-as-required wpcf7-validates-as-number\" aria-required=\"true\" aria-invalid=\"false\" placeholder=\"12345\" value=\"\" type=\"number\" name=\"your-room-number\" \/><\/span> <\/label>\n<\/p>\n<p><label> Mietvertrag bis*<br \/>\n<span class=\"wpcf7-form-control-wrap\" data-name=\"your-contract\"><input class=\"wpcf7-form-control wpcf7-date wpcf7-validates-as-required wpcf7-validates-as-date\" aria-required=\"true\" aria-invalid=\"false\" placeholder=\"JJJJ-MM-TT\" value=\"\" type=\"date\" name=\"your-contract\" \/><\/span> <\/label>\n<\/p>\n<p><label> Geplantes Studienende (inklusive eventuellem Master)*<br \/>\n<span class=\"wpcf7-form-control-wrap\" data-name=\"your-end\"><input class=\"wpcf7-form-control wpcf7-date wpcf7-validates-as-required wpcf7-validates-as-date\" aria-required=\"true\" aria-invalid=\"false\" placeholder=\"JJJJ-MM-TT\" value=\"\" type=\"date\" name=\"your-end\" \/><\/span> <\/label>\n<\/p>\n<p>Wie bist du auf uns aufmerksam geworden?*<br \/>\n<span class=\"wpcf7-form-control-wrap\" data-name=\"your-knowing-us\"><span class=\"wpcf7-form-control wpcf7-checkbox wpcf7-validates-as-required\"><span class=\"wpcf7-list-item first\"><input type=\"checkbox\" name=\"your-knowing-us[]\" value=\"Empfehlung durch Referenten\" \/><span class=\"wpcf7-list-item-label\">Empfehlung durch Referenten<\/span><\/span><span class=\"wpcf7-list-item\"><input type=\"checkbox\" name=\"your-knowing-us[]\" value=\"Mieter bei uns gewesen\" \/><span class=\"wpcf7-list-item-label\">Mieter bei uns gewesen<\/span><\/span><span class=\"wpcf7-list-item\"><input type=\"checkbox\" name=\"your-knowing-us[]\" value=\"Aushang Geb\u00e4ude\" \/><span class=\"wpcf7-list-item-label\">Aushang Geb\u00e4ude<\/span><\/span><span class=\"wpcf7-list-item\"><input type=\"checkbox\" name=\"your-knowing-us[]\" value=\"E-Mail Studierendenwerk\" \/><span class=\"wpcf7-list-item-label\">E-Mail Studierendenwerk<\/span><\/span><span class=\"wpcf7-list-item\"><input type=\"checkbox\" name=\"your-knowing-us[]\" value=\"WhatsApp-Gruppe Tutorium\" \/><span class=\"wpcf7-list-item-label\">WhatsApp-Gruppe Tutorium<\/span><\/span><span class=\"wpcf7-list-item last\"><input type=\"checkbox\" name=\"your-knowing-us[]\" value=\"Anderes (bitte unten kurz beschreiben)\" \/><span class=\"wpcf7-list-item-label\">Anderes (bitte unten kurz beschreiben)<\/span><\/span><\/span><\/span>\n<\/p>\n<p><label> \u00dcber dich, deine Motivation und deine F\u00e4higkeiten*<br \/>\n<span class=\"wpcf7-form-control-wrap\" data-name=\"your-comment\"><textarea cols=\"40\" rows=\"10\" maxlength=\"2000\" class=\"wpcf7-form-control wpcf7-textarea wpcf7-validates-as-required\" aria-required=\"true\" aria-invalid=\"false\" name=\"your-comment\"><\/textarea><\/span> <\/label>\n<\/p>\n<p><input class=\"wpcf7-form-control wpcf7-submit has-spinner\" type=\"submit\" value=\"Abschicken\" \/>\n<\/p><div class=\"wpcf7-response-output\" aria-hidden=\"true\"><\/div>\n<\/form>\n<\/div>\n\n\n\n\n<p>Bitte beachte unsere <a href=\"https:\/\/www.woref-stuttgart.de\/datenschutz\/\">Datenschutzerkl\u00e4rung<\/a> vor dem Absenden.<\/p>","protected":false},"excerpt":{"rendered":"<p>Wir freuen uns, dass du dich f\u00fcr unseren Verein interessierst! Wenn du bei uns mitarbeiten m\u00f6chtest, dann f\u00fclle bitte das unten stehende Bewerbungsformular aus. Damit du \u00fcberhaupt wei\u00dft, was wir machen, empfehlen wir dir, die folgenden Dinge vor einer Bewerbung zu lesen: Bitte beachte unsere Datenschutzerkl\u00e4rung vor dem Absenden.<\/p>\n","protected":false},"author":2,"featured_media":0,"parent":0,"menu_order":0,"comment_status":"closed","ping_status":"closed","template":"","meta":{"ngg_post_thumbnail":0,"footnotes":""},"class_list":["post-221","page","type-page","status-publish","hentry"],"aioseo_notices":[],"_links":{"self":[{"href":"https:\/\/www.woref-stuttgart.de\/de\/wp-json\/wp\/v2\/pages\/221","targetHints":{"allow":["GET"]}}],"collection":[{"href":"https:\/\/www.woref-stuttgart.de\/de\/wp-json\/wp\/v2\/pages"}],"about":[{"href":"https:\/\/www.woref-stuttgart.de\/de\/wp-json\/wp\/v2\/types\/page"}],"author":[{"embeddable":true,"href":"https:\/\/www.woref-stuttgart.de\/de\/wp-json\/wp\/v2\/users\/2"}],"replies":[{"embeddable":true,"href":"https:\/\/www.woref-stuttgart.de\/de\/wp-json\/wp\/v2\/comments?post=221"}],"version-history":[{"count":36,"href":"https:\/\/www.woref-stuttgart.de\/de\/wp-json\/wp\/v2\/pages\/221\/revisions"}],"predecessor-version":[{"id":826,"href":"https:\/\/www.woref-stuttgart.de\/de\/wp-json\/wp\/v2\/pages\/221\/revisions\/826"}],"wp:attachment":[{"href":"https:\/\/www.woref-stuttgart.de\/de\/wp-json\/wp\/v2\/media?parent=221"}],"curies":[{"name":"wp","href":"https:\/\/api.w.org\/{rel}","templated":true}]}}