{"id":411,"date":"2017-03-05T21:09:14","date_gmt":"2017-03-05T20:09:14","guid":{"rendered":"https:\/\/www.woref-stuttgart.de\/?page_id=411"},"modified":"2024-10-30T20:25:07","modified_gmt":"2024-10-30T19:25:07","slug":"datenschutz","status":"publish","type":"page","link":"https:\/\/www.woref-stuttgart.de\/de\/datenschutz\/","title":{"rendered":"Datenschutz"},"content":{"rendered":"<p>Hiermit informieren wir dich insbesondere gem\u00e4\u00df <a href=\"https:\/\/dsgvo-gesetz.de\/art-13-dsgvo\/\">Art. 13 Datenschutz-Grundverordnung (DGVO)<\/a> und <a href=\"https:\/\/www.gesetze-im-internet.de\/tmg\/__13.html\">\u00a7 13 Telemediengesetz (TMG)<\/a> \u00fcber die Nutzung deiner Daten durch uns. Der Schutz deiner Daten liegt uns sehr am Herzen.<\/p>\n\n\n\n<h2 class=\"wp-block-heading\">Verantwortlicher und Datenschutzbeauftragter<\/h2>\n\n\n\n<p>Verantwortlich f\u00fcr deine Daten ist das<\/p>\n\n\n\n<p>Wohnungsreferat Stuttgart e.V.<br>Allmandring 3C<br>70569 Stuttgart<\/p>\n\n\n\n<p>E-Mail: <a href=\"mailto:info@woref-stuttgart.de\">info@woref-stuttgart.de<\/a><\/p>\n\n\n\n<p>In allen Belangen des Datenschutzes, z. B. die unten beschriebene M\u00f6glichkeit zur Auskunft, kannst du unseren Datenschutzbeauftragten kontaktieren. Dieser wird deine Anfrage vertraulich behandeln.<\/p>\n\n\n\n<p>Wohnungsreferat Stuttgart e.V.<br>z. Hd. Datenschutzbeauftragter<br>Allmandring 3C<br>70569 Stuttgart<\/p>\n\n\n\n<p>E-Mail: <a href=\"mailto:datenschutz@woref-stuttgart.de\">datenschutz@woref-stuttgart.de<\/a><\/p>\n\n\n\n<h2 class=\"wp-block-heading\">Datenkategorien<\/h2>\n\n\n\n<p>In diesem Abschnitt m\u00f6chten wir dir mitteilen, welche Daten wir von dir speichern und verarbeiten, warum wir dies tun, welche gesetzliche Grundlage daf\u00fcr existiert, ob und an wen wir diese weitergeben und wann diese wieder gel\u00f6scht oder gesperrt werden.<\/p>\n\n\n\n<h3 class=\"wp-block-heading\">Besuch der Website<\/h3>\n\n\n\n<p>Wenn du unsere Website <a href=\"https:\/\/www.woref-stuttgart.de\">www.woref-stuttgart.de<\/a> besuchst, werden nur die Daten gespeichert, die n\u00f6tig sind, um technisch die Website in vollem Umfang anzuzeigen. Rechtsgrundlage hierzu ist <a href=\"https:\/\/www.gesetze-im-internet.de\/tmg\/__15.html\">\u00a7 15 Abs. 1 TMG<\/a>. Diese Daten werden nicht weitergegeben und sind nicht deiner Person zuordenbar, da wir diese anonymisieren. Auch erstellen wir keine Nutzerprofile oder blenden Werbung ein, insbesondere keine personalisierte.<\/p>\n\n\n\n<p>Lediglich, wenn du versuchst, dich auf unserer Website als Benutzer einzuloggen, wird deine IP-Adresse gespeichert, um nach einer gewissen Anzahl von gescheiterten Versuchen den Zugang aus Sicherheitsgr\u00fcnden zu sperren. Dies stellt ein berechtigtes Interesse unsererseits dar (<a href=\"https:\/\/dsgvo-gesetz.de\/art-6-dsgvo\/\">Art. 6 Abs. 1 Buch. f DSGVO<\/a>), siehe auch die Ausf\u00fchrungen weiter unten. 12 Stunden nach dem letzten, erfolglosen Login-Versuch wird deine IP-Adresse gel\u00f6scht.<\/p>\n\n\n\n<h4 class=\"wp-block-heading\">Server-Protokoll<\/h4>\n\n\n\n<p>Um eine Website \u00fcberhaupt aufrufen zu k\u00f6nnen, muss dein Browser dem Server gewisse Informationen zukommen lassen, der dann die Website an dich abh\u00e4ngig von diesen Informationen ausliefert. Dazu geh\u00f6ren<\/p>\n\n\n\n<ul class=\"wp-block-list\">\n<li>Browsertyp und Browserversion,<\/li>\n\n\n\n<li>IP-Adresse deines Computers,<\/li>\n\n\n\n<li>Datum und Uhrzeit des Zugriffs,<\/li>\n\n\n\n<li>URL, auf die du zugegriffen hast (z. B. eine gewisse Unterseite),<\/li>\n\n\n\n<li>installierte Browserplugins (wie Flashplayer), um dir die richtige Version der Website zukommen zu lassen, damit sie bei dir richtig dargestellt werden kann,<\/li>\n\n\n\n<li>Referrer-URL, also die Adresse einer Website, auf der du einen Link zu unserer Website geklickt hast (falls dies der Fall ist).<\/li>\n<\/ul>\n\n\n\n<p>Diese automatisch von deinem Browser \u00fcbermittelnden Daten werden in einem Protokoll auf unserem Server gespeichert. Dies dient dem Auffinden und Beheben von technischen Problemen. Die Daten sind nicht einer bestimmten Person zuordenbar, da wir die IP-Adresse durch Abschneiden des letzten Bytes (IPv4) bzw. der letzten 8 Bytes (IPv6) anonymisieren. Eine Zusammenf\u00fchrung dieser Daten mit anderen findet nicht statt.<\/p>\n\n\n\n<h4 class=\"wp-block-heading\">Cookies<\/h4>\n\n\n\n<p>Diese Website verwendet (wie fast jede andere im Internet auch) sog. <a href=\"https:\/\/de.wikipedia.org\/wiki\/Cookie\">Cookies<\/a>. Dies sind Textdateien, die dein Browser auf Anfrage unseres Servers bei dir auf dem Computer speichert. Bei einem erneuten Besuch \u00fcbermittelt dein Browser diese Cookies an unseren Server und erm\u00f6glicht damit z. B. das Wiederherstellen deiner vorgenommenen Einstellungen. Andere Cookies werden nach dem Besuch der Seite wieder gel\u00f6scht, da sie nur w\u00e4hrend dem Besuch der Seite ben\u00f6tigt werden. Bei Cookies handelt es sich um reine Textdateien, diese k\u00f6nnen deinem Computer also keinen Schaden zuf\u00fcgen.<\/p>\n\n\n\n<p>Die von uns verwendeten Cookies dienen ausschlie\u00dflich der Verbesserung der Benutzerfreundlichkeit und effektiveren Benutzung der Website. So &#8220;merkt&#8221; sich beispielsweise dein Browser durch einen Cookie, ob du unsere Website auf deutsch oder englisch aufrufen m\u00f6chtest. Andernfalls m\u00fcsstest du diese Einstellung bei jedem Besuch neu vornehmen. Ein sog. <a href=\"https:\/\/de.wikipedia.org\/wiki\/Web_Analytics\">Tracking<\/a>, also der Verfolgung deiner Spuren im Internet und Auswertung deines Nutzungsverhaltens, findet nicht statt. Es ist jedoch nicht auszuschlie\u00dfen, dass andere Websites die bei dir durch unseren Server gespeicherten Cookies auswerten, da diese den Datenschutz nicht so ernst nehmen.<\/p>\n\n\n\n<p>Du kannst deinen Browser so einstellen, dass er keine Cookies erstellt oder du dar\u00fcber informiert wirst. Wenn du dies tust, kann diese Website eventuell nur eingeschr\u00e4nkt bedienbar sein.<\/p>\n\n\n\n<h3 class=\"wp-block-heading\">Voranmeldung, Warteliste und Bewerbung als Mitglied<\/h3>\n\n\n\n<p>Auf unserer Website findest du Formulare, um <a href=\"https:\/\/www.woref-stuttgart.de\/zimmer-vermieten\/\">dein Zimmer unterzuvermieten<\/a>, dich als <a href=\"https:\/\/www.woref-stuttgart.de\/zimmer-mieten\/\">potentieller Untermieter auf die Warteliste eintragen zu lassen<\/a> und dich <a href=\"https:\/\/www.woref-stuttgart.de\/mitglied-werden\/\">als Mitglied bei unserem Verein zu bewerben<\/a>. Diese Daten dienen dazu, mit dir sp\u00e4ter eine Vollmacht zur Untervermietung deines Zimmers, einen Mietvertrag bzw. einen Aufnahmevertrag in den Verein zu erstellen. Geschieht dies nicht, werden deine Daten auch nicht weiterverarbeitet. Rechtsgrundlage ist deshalb <a href=\"https:\/\/dsgvo-gesetz.de\/art-6-dsgvo\/\">Art. 6 Abs. 1 Buch. b DSGVO<\/a>. Bei einer Eintragung in die Warteliste wirst du wunschgem\u00e4\u00df \u00fcber Zimmerangebote informiert. Du kannst uns jederzeit informieren, wenn du von der Warteliste entfernt werden m\u00f6chtest.<\/p>\n\n\n\n<p>Zus\u00e4tzlich zu den Daten, die du beim Ausf\u00fcllen des Formulars angibst, werden die im Abschnitt <em>Server-Protokoll<\/em> angegebenen Daten an uns als E-Mail geschickt. Eine Ausnahme bildet die IP-Adresse, die nicht anonymisiert wird. Dies dient dazu, im Falle eines zivilrechtlichen oder strafrechtlichen Anspruchs durch die falsche Angabe einer Identit\u00e4t Strafverfolgungsbeh\u00f6rden und Gerichte einschalten zu k\u00f6nnen. Dies stellt ein berechtigtes Interesse unsererseits dar (<a href=\"https:\/\/dsgvo-gesetz.de\/art-6-dsgvo\/\">Art. 6 Abs. 1 Buch. f DSGVO<\/a>, siehe auch das Urteil VI ZR 135\/13 des Bundesgerichtshofs vom 16.05.2017). Uns allein ist es nicht m\u00f6glich, dich durch die IP-Adresse zu identifizieren. Da durch das Absenden des Formulars eine E-Mail generiert wird und mindestens ein Feld f\u00fcr Freitext zur Verf\u00fcgung steht, sind die Aufbewahrungsfristen f\u00fcr Gesch\u00e4ftsbriefe f\u00fcr die L\u00f6schung der Daten ma\u00dfgebend. Dein Eintrag in der Warteliste (sofern du dich dort hast eintragen lassen) wird sp\u00e4testens gel\u00f6scht, sobald aufgrund der von dir gemachten Angaben klar ist, dass du keine Zimmerangebote mehr m\u00f6chtest, sp\u00e4testens nach Ablauf des gew\u00fcnschten Mietzeitraums.<\/p>\n\n\n\n<p>Wir verwenden deine Daten nur f\u00fcr den beim jeweiligen Formular angegebenen Zweck, z. B. das Zuschicken eines Zimmerangebots f\u00fcr den von dir gew\u00fcnschten Zeitraum. Deine Daten werden nicht f\u00fcr Markt- und Meinungsforschungszwecke, Werbung oder Adresshandel verwendet. Auch werden diese nicht an Dritte weitergegeben.<\/p>\n\n\n\n<p>Alle Daten werden verschl\u00fcsselt an uns \u00fcbertragen. Dies erkennst du daran, dass die URL mit <em>http<strong>s<\/strong>:\/\/<\/em> anstatt <em>http:\/\/<\/em> beginnt. Manche Browser verstecken diesen Pr\u00e4fix aber und zeigen stattdessen z. B. ein gr\u00fcnes Schloss an.<\/p>\n\n\n\n<h3 class=\"wp-block-heading\">Vertragserstellung<\/h3>\n\n\n\n<p>Erstellst du mit uns einen sogenannten <em>Hauptmietervertrag<\/em> zur Untervermietung deines Zimmers oder einen <em>Untermietvertrag<\/em>, so werden die dort angegebenen Daten zur Erf\u00fcllung des Vertrags ben\u00f6tigt. Rechtsgrundlage ist deshalb <a href=\"https:\/\/dsgvo-gesetz.de\/art-6-dsgvo\/\">Art. 6 Abs. 1 Buch. b DSGVO<\/a>. Entweder du teilst uns bei der Vertragserstellung diese Daten selbst mit oder wir \u00fcbernehmen diese aus einer zuvor ausgef\u00fcllten Voranmeldung oder Bewerbung f\u00fcr die Warteliste. In letzterem Fall gibt dir die Datenschutzerkl\u00e4rung auf der Website mehr Auskunft. Zu diesem Zeitpunkt geben wir dir nat\u00fcrlich noch einmal Gelegenheit, deine Daten zu korrigieren.<\/p>\n\n\n\n<p>Dein Name, die Haus- und Zimmernummer sowie der Vertragszeitraum werden an das<\/p>\n\n\n\n<p>Studierendenwerk Stuttgart<br>Anstalt des \u00f6ffentlichen Rechts<br>Rosenbergstra\u00dfe 18<br>70174 Stuttgart<\/p>\n\n\n\n<p>als sogenannter <em>Hauptvermieter<\/em> der Wohnheime weitergegeben. Da der Hauptvermieter bei einer Untervermietung zustimmen muss (<a href=\"https:\/\/www.gesetze-im-internet.de\/bgb\/__540.html\">\u00a7 540 Abs. 1 BGB<\/a>), ist die Weitergabe also einerseits notwendig, um einen Vertrag \u00fcberhaupt erstellen zu k\u00f6nnen, und andererseits ein berechtigtes Interesse des Studierendenwerks Stuttgart. Entsprechend ist die Rechtsgrundlage <a href=\"https:\/\/dsgvo-gesetz.de\/art-6-dsgvo\/\">Art. 6 Abs. 1 Buch. b und f DSGVO<\/a>.<\/p>\n\n\n\n<p>Da wir nur als Bevollm\u00e4chtigter des Hauptmieters auftreten, werden deine Daten deshalb auch an den jeweiligen Vertragspartner im Untermietverh\u00e4ltnis weitergegeben, da jeder nat\u00fcrlich wissen muss, mit wem er einen Vertrag abgeschlossen hat. Da der Vertragspartner jedoch eine Privatperson ist, muss dir klar sein, dass f\u00fcr diese nicht so strenge Datenschutzvorschriften wie f\u00fcr uns gelten. Deshalb geben wir bis auf deinen Namen andere Daten nur im berechtigten Interesse des anderen Vertragspartners weiter. Dadurch sind deine Daten deutlich besser gesch\u00fctzt, als wenn du direkt mit dem anderen Vertragspartner einen Vertrag abgeschlossen h\u00e4ttest.<\/p>\n\n\n\n<p>F\u00fcr die Vertragsdaten gelten die gesetzlichen Aufbewahrungsfristen f\u00fcr Vertr\u00e4ge.<\/p>\n\n\n\n<h2 class=\"wp-block-heading\">Ort der Speicherung<\/h2>\n\n\n\n<p>Da wir selbst nicht \u00fcber die Infrastruktur verf\u00fcgen, werden deine Daten auch bei zwei Dienstleistern gespeichert, die wir daf\u00fcr beauftragt haben:<\/p>\n\n\n\n<p>Hetzner Online GmbH<br>Industriestr. 25<br>91710 Gunzenhausen<\/p>\n\n\n\n<p>Diese Unternehmen speichern deine Daten in unserem Auftrag. Dies geschieht nur auf Servern in Deutschland, innerhalb der deutschen Datenschutzgesetze, beide Unternehmen sind f\u00fcr deren Datenschutz zertifiziert und wir haben mit jedem einen Vertrag zur Auftragsdatenverarbeitung geschlossen (gem\u00e4\u00df <a href=\"https:\/\/dsgvo-gesetz.de\/art-28-dsgvo\/\">Art. 28 DSGVO<\/a>), wodurch diese auch vertraglich an die Wahrung des Datenschutzes festgelegt sind. Insbesondere d\u00fcrfen diese Unternehmen deine Daten nicht f\u00fcr andere Zwecke verwenden, sondern nur f\u00fcr uns verwalten. Da Backups zum ordnungsgem\u00e4\u00dfen Speichern der Daten geh\u00f6ren, kann es vorkommen, dass deine Daten noch in Backups gespeichert sind, wenn diese eigentlich schon gel\u00f6scht sein sollen. Eine Verarbeitung der Daten in einem Backup findet aber nach der L\u00f6schung nicht mehr statt.<\/p>\n\n\n\n<p>Eine Weitergabe an oder Verarbeitung durch andere Dritte als die oben genannten findet nicht statt, sofern dies nicht durch Gesetze bestimmt ist (bspw. Weitergabe aufgrund eines richterlichen Beschlusses).<\/p>\n\n\n\n<h2 class=\"wp-block-heading\">Deine Rechte<\/h2>\n\n\n\n<p>Die Datenschutzgesetze bieten dir weitgehende Rechte, unentgeltlich \u00fcber deine bei uns gespeicherten personenbezogenen Daten Auskunft zu verlangen (<a class=\"urlextern\" title=\"https:\/\/dsgvo-gesetz.de\/art-15-dsgvo\/\" href=\"https:\/\/dsgvo-gesetz.de\/art-15-dsgvo\/\" rel=\"nofollow\">Art. 15 DSGVO<\/a>) und auf Wunsch deine Daten berichtigen (<a class=\"urlextern\" title=\"https:\/\/dsgvo-gesetz.de\/art-16-dsgvo\/\" href=\"https:\/\/dsgvo-gesetz.de\/art-16-dsgvo\/\" rel=\"nofollow\">Art. 16 DSGVO<\/a>), l\u00f6schen (<a class=\"urlextern\" title=\"https:\/\/dsgvo-gesetz.de\/art-17-dsgvo\/\" href=\"https:\/\/dsgvo-gesetz.de\/art-17-dsgvo\/\" rel=\"nofollow\">Art. 17 DSGVO<\/a>) und die Verarbeitung einschr\u00e4nken zu lassen (<a class=\"urlextern\" title=\"https:\/\/dsgvo-gesetz.de\/art-18-dsgvo\/\" href=\"https:\/\/dsgvo-gesetz.de\/art-18-dsgvo\/\" rel=\"nofollow\">Art. 18 DSGVO<\/a>). Falls du zudem vor der Erhebung von gewissen Daten erst zustimmen musstest, kannst du dem nachtr\u00e4glich widersprechen, ohne dass die Rechtm\u00e4\u00dfigkeit der aufgrund der Einwilligung bis zum Widerruf erfolgten Verarbeitung ber\u00fchrt wird. Ebenfalls hast du ein Recht darauf, dass deine Daten einem Dritten zur Verf\u00fcgung gestellt werden, wenn du dies verlangst (<a class=\"urlextern\" title=\"https:\/\/dsgvo-gesetz.de\/art-20-dsgvo\/\" href=\"https:\/\/dsgvo-gesetz.de\/art-20-dsgvo\/\" rel=\"nofollow\">Art. 20 DSGVO<\/a>). Du kannst dich zudem bei der zust\u00e4ndigen Aufsichtsbeh\u00f6rde beschweren (<a class=\"urlextern\" title=\"https:\/\/dsgvo-gesetz.de\/art-20-dsgvo\/\" href=\"https:\/\/dsgvo-gesetz.de\/art-77-dsgvo\/\" rel=\"nofollow\">Art. 77 DSGVO<\/a>).<\/p>\n\n\n\n<p>Bitte kontaktiere zur Wahrung deiner Rechte unseren Datenschutzbeauftragten unter den obigen Kontaktdaten.<\/p>","protected":false},"excerpt":{"rendered":"<p>Hiermit informieren wir dich insbesondere gem\u00e4\u00df Art. 13 Datenschutz-Grundverordnung (DGVO) und \u00a7 13 Telemediengesetz (TMG) \u00fcber die Nutzung deiner Daten durch uns. Der Schutz deiner Daten liegt uns sehr am Herzen. Verantwortlicher und Datenschutzbeauftragter Verantwortlich f\u00fcr deine Daten ist das Wohnungsreferat Stuttgart e.V.Allmandring 3C70569 Stuttgart E-Mail: info@woref-stuttgart.de In allen Belangen des Datenschutzes, z. B. die [&hellip;]<\/p>\n","protected":false},"author":2,"featured_media":0,"parent":0,"menu_order":0,"comment_status":"closed","ping_status":"closed","template":"","meta":{"ngg_post_thumbnail":0,"footnotes":""},"class_list":["post-411","page","type-page","status-publish","hentry"],"aioseo_notices":[],"_links":{"self":[{"href":"https:\/\/www.woref-stuttgart.de\/de\/wp-json\/wp\/v2\/pages\/411","targetHints":{"allow":["GET"]}}],"collection":[{"href":"https:\/\/www.woref-stuttgart.de\/de\/wp-json\/wp\/v2\/pages"}],"about":[{"href":"https:\/\/www.woref-stuttgart.de\/de\/wp-json\/wp\/v2\/types\/page"}],"author":[{"embeddable":true,"href":"https:\/\/www.woref-stuttgart.de\/de\/wp-json\/wp\/v2\/users\/2"}],"replies":[{"embeddable":true,"href":"https:\/\/www.woref-stuttgart.de\/de\/wp-json\/wp\/v2\/comments?post=411"}],"version-history":[{"count":18,"href":"https:\/\/www.woref-stuttgart.de\/de\/wp-json\/wp\/v2\/pages\/411\/revisions"}],"predecessor-version":[{"id":847,"href":"https:\/\/www.woref-stuttgart.de\/de\/wp-json\/wp\/v2\/pages\/411\/revisions\/847"}],"wp:attachment":[{"href":"https:\/\/www.woref-stuttgart.de\/de\/wp-json\/wp\/v2\/media?parent=411"}],"curies":[{"name":"wp","href":"https:\/\/api.w.org\/{rel}","templated":true}]}}