{"id":537,"date":"2018-06-24T10:29:22","date_gmt":"2018-06-24T08:29:22","guid":{"rendered":"https:\/\/www.woref-stuttgart.de\/?page_id=537"},"modified":"2025-11-06T21:29:22","modified_gmt":"2025-11-06T20:29:22","slug":"der-verein","status":"publish","type":"page","link":"https:\/\/www.woref-stuttgart.de\/de\/der-verein\/","title":{"rendered":"Der Verein"},"content":{"rendered":"<p>Nach der Freude \u00fcber einen Praktikumsplatz in Stuttgart kommt sofort die Ern\u00fcchterung bei der Wohnungssuche. F\u00fcr einen ausl\u00e4ndischen Studenten ist es praktisch unm\u00f6glich, f\u00fcr 3 Monate eine bezahlbare Unterkunft von einem privaten Vermieter zu erhalten. Wir finden dies nicht fair!<\/p>\n\n\n\n<h2 class=\"wp-block-heading\">Unsere Vision<\/h2>\n\n\n\n<p>Wir vom Wohnungsreferat Stuttgart e. V. m\u00f6chten<\/p>\n\n\n\n<ul class=\"wp-block-list\">\n<li>gen\u00fcgend freie Wohnheimpl\u00e4tze f\u00fcr Studenten aus der ganzen Welt schaffen, die kurzzeitig eine Unterkunft in Stuttgart ben\u00f6tigen, um ihrem Studium nachzugehen,<\/li>\n\n\n\n<li>eine gerechte Vergabe der freien Pl\u00e4tze unabh\u00e4ngig von Herkunft, Geschlecht und Verm\u00f6gen,<\/li>\n\n\n\n<li>Hauptmietern die M\u00f6glichkeit bieten, ihr Zimmer sorgenfrei unterzuvermieten,<\/li>\n\n\n\n<li>auch bei gr\u00f6\u00dferen Problemen f\u00fcr die Mieter da sein,<\/li>\n\n\n\n<li>und dies m\u00f6glichst einfach und unkompliziert.<\/li>\n<\/ul>\n\n\n\n<p>Wir sind das Vorzeige-Wohnungsreferat auf dem Campus \u2013 jung, motiviert und engagiert. Du kannst auch <a href=\"https:\/\/www.woref-stuttgart.de\/mitglied-werden\/\">Teil von uns<\/a> werden!<\/p>\n\n\n\n<h2 class=\"wp-block-heading\">Unsere Geschichte<\/h2>\n\n\n\n<p>Es gibt mehrere, sogenannte Wohnungsreferate auf dem Campus, die aus dort wohnenden Mietern bestehen. Leider arbeiten diese meist unstrukturiert und organisieren die Untervermietungen haupts\u00e4chlich f\u00fcr eine Wohnzeitverl\u00e4ngerung durch das Studierendenwerk.<\/p>\n\n\n\n<p>Bei uns hat alles mit der Untervermietung im Wohnheim Allmandring III angefangen, sp\u00e4ter kam der Allmandring II hinzu. Um ehrlich zu sein, hat damals auch bei uns eine professionelle Arbeitsweise gefehlt. Sp\u00e4testens mit der Vereinsgr\u00fcndung im Jahr 2012 wurde jedoch ein anderer Weg eingeschlagen. Wir legen viel Wert darauf, alle Gesetze einzuhalten, den Mietern einen m\u00f6glichst unkomplizierten Service zu bieten und strukturierte Arbeitsabl\u00e4ufe zu haben. Es steht nun im Vordergrund, m\u00f6glichst vielen Mietern aus der ganzen Welt einen Platz zum Schlafen zu bieten. Zwischenzeitig hat sich unser gemeinn\u00fctziger Verein durch die \u00dcbernahme des Wohnheims Allmandring I im Vergleich zum Gr\u00fcndungsjahr des Vereins sogar verdreifacht. Diese Wohnheim mussten wir durch einen Betreiberwechsel im Jahr 2022 wieder abgeben. Mehr zu unserer Geschichte findest du im aktuellen Jahresbericht.<\/p>\n\n\n\n<p>Im November 2025 wurde die Aufl\u00f6sung des Vereins beschlossen. Seitdem befinden wir uns im Stadium der Liquidation.<\/p>\n\n\n\n<h2 class=\"wp-block-heading\">Jahresbericht<\/h2>\n\n\n\n<p>Um als gemeinn\u00fctziger Verein eine m\u00f6glichst hohe Transparenz zu gew\u00e4hrleisten, ver\u00f6ffentlichen wir seit dem Gesch\u00e4ftsjahr 2017 unseren Jahresbericht. So kann nachvollzogen werden, wof\u00fcr jeder Euro investiert wird.<\/p>\n\n\n\n<ul class=\"wp-block-list\">\n<li><a href=\"https:\/\/www.woref-stuttgart.de\/woref_files\/Jahresbericht_2024.pdf\" title=\"\">Jahresbericht 2024<\/a><\/li>\n\n\n\n<li><a href=\"https:\/\/www.woref-stuttgart.de\/woref_files\/Jahresbericht_2023.pdf\" title=\"\">Jahresbericht 2023<\/a><\/li>\n\n\n\n<li><a href=\"https:\/\/www.woref-stuttgart.de\/woref_files\/Jahresbericht_2022.pdf\" title=\"\">Jahresbericht 2022<\/a><\/li>\n\n\n\n<li><a href=\"https:\/\/www.woref-stuttgart.de\/woref_files\/Jahresbericht_2021.pdf\">Jahresbericht 2021<\/a><\/li>\n\n\n\n<li><a href=\"https:\/\/www.woref-stuttgart.de\/woref_files\/Jahresbericht_2020.pdf\">Jahresbericht 2020<\/a><\/li>\n\n\n\n<li><a href=\"https:\/\/www.woref-stuttgart.de\/woref_files\/Jahresbericht_2019.pdf\">Jahresbericht 2019<\/a><\/li>\n\n\n\n<li><a href=\"https:\/\/www.woref-stuttgart.de\/woref_files\/Jahresbericht_2018.pdf\">Jahresbericht 2018<\/a><\/li>\n\n\n\n<li><a href=\"https:\/\/www.woref-stuttgart.de\/woref_files\/Jahresbericht_2017.pdf\">Jahresbericht 2017<\/a><\/li>\n<\/ul>\n\n\n\n<p>Bei Fragen stehen wir gerne unter den bekannten <a href=\"https:\/\/www.woref-stuttgart.de\/kontakt\/\">Kontaktdaten<\/a> zur Verf\u00fcgung.<\/p>","protected":false},"excerpt":{"rendered":"<p>Nach der Freude \u00fcber einen Praktikumsplatz in Stuttgart kommt sofort die Ern\u00fcchterung bei der Wohnungssuche. F\u00fcr einen ausl\u00e4ndischen Studenten ist es praktisch unm\u00f6glich, f\u00fcr 3 Monate eine bezahlbare Unterkunft von einem privaten Vermieter zu erhalten. Wir finden dies nicht fair! Unsere Vision Wir vom Wohnungsreferat Stuttgart e. V. m\u00f6chten Wir sind das Vorzeige-Wohnungsreferat auf dem [&hellip;]<\/p>\n","protected":false},"author":2,"featured_media":0,"parent":0,"menu_order":0,"comment_status":"closed","ping_status":"closed","template":"","meta":{"ngg_post_thumbnail":0,"footnotes":""},"class_list":["post-537","page","type-page","status-publish","hentry"],"aioseo_notices":[],"_links":{"self":[{"href":"https:\/\/www.woref-stuttgart.de\/de\/wp-json\/wp\/v2\/pages\/537","targetHints":{"allow":["GET"]}}],"collection":[{"href":"https:\/\/www.woref-stuttgart.de\/de\/wp-json\/wp\/v2\/pages"}],"about":[{"href":"https:\/\/www.woref-stuttgart.de\/de\/wp-json\/wp\/v2\/types\/page"}],"author":[{"embeddable":true,"href":"https:\/\/www.woref-stuttgart.de\/de\/wp-json\/wp\/v2\/users\/2"}],"replies":[{"embeddable":true,"href":"https:\/\/www.woref-stuttgart.de\/de\/wp-json\/wp\/v2\/comments?post=537"}],"version-history":[{"count":36,"href":"https:\/\/www.woref-stuttgart.de\/de\/wp-json\/wp\/v2\/pages\/537\/revisions"}],"predecessor-version":[{"id":861,"href":"https:\/\/www.woref-stuttgart.de\/de\/wp-json\/wp\/v2\/pages\/537\/revisions\/861"}],"wp:attachment":[{"href":"https:\/\/www.woref-stuttgart.de\/de\/wp-json\/wp\/v2\/media?parent=537"}],"curies":[{"name":"wp","href":"https:\/\/api.w.org\/{rel}","templated":true}]}}